{"id":740,"date":"2018-02-28T19:14:24","date_gmt":"2018-02-28T18:14:24","guid":{"rendered":"http:\/\/wellness-audits.eu\/?page_id=740"},"modified":"2018-03-04T15:11:21","modified_gmt":"2018-03-04T14:11:21","slug":"impressum","status":"publish","type":"page","link":"http:\/\/wellness-audits.eu\/en\/impressum\/","title":{"rendered":"Legal Disclosure"},"content":{"rendered":"<p>[vc_row][vc_column][vc_column_text]<\/p>\n<h4>Information in accordance with section 5 TMG<\/h4>\n<p>Europ\u00e4isches Pr\u00fcfinstitut Wellness &amp; SPA e.V.<br \/>\nAuf den K\u00e4mpen 14a<br \/>\n27580 Bremerhaven<br \/>\nGermany<\/p>\n<p><strong>Represented by: Christoph Sander<\/strong><\/p>\n<h4>Contact<\/h4>\n<p>Telephone: +49 176 8073 3464<br \/>\nE-Mail: info@wellness-audits.eu<br \/>\nWebsite: www.wellness-audits.eu<\/p>\n<h4>Register entry<\/h4>\n<p>Entry in Vereinsregister<br \/>\nRegister Number: 1479<br \/>\nRegister Court: AG Korbach<\/p>\n<p>&nbsp;<\/p>\n<h3>Disclaimer<\/h3>\n<h4>Accountability for content<\/h4>\n<p>The contents of our pages have been created with the utmost care. However, we cannot guarantee the contents&#8217; accuracy, completeness or topicality. According to statutory provisions, we are furthermore responsible for our own content on these web pages. In this context, please note that we are accordingly not obliged to monitor merely the transmitted or saved information of third parties, or investigate circumstances pointing to illegal activity. Our obligations to remove or block the use of information under generally applicable laws remain unaffected by this as per \u00a7\u00a7 8 to 10 of the Telemedia Act (TMG).<\/p>\n<h4>Accountability for links<\/h4>\n<p>Responsibility for the content of external links (to web pages of third parties) lies solely with the operators of the linked pages. No violations were evident to us at the time of linking. Should any legal infringement become known to us, we will remove the respective link immediately.<\/p>\n<h4>Copyright<\/h4>\n<p>Our web pages and their contents are subject to German copyright law. Unless expressly permitted by law (\u00a7 44a et seq. of the copyright law), every form of utilizing, reproducing or processing works subject to copyright protection on our web pages requires the prior consent of the respective owner of the rights. Individual reproductions of a work are allowed only for private use, so must not serve either directly or indirectly for earnings. Unauthorized utilization of copyrighted works is punishable (\u00a7 106 of the copyright law).<\/p>","protected":false},"excerpt":{"rendered":"<p>[vc_row][vc_column][vc_column_text] Information in accordance with section 5 TMG Europ\u00e4isches Pr\u00fcfinstitut Wellness &amp; SPA e.V. Auf den K\u00e4mpen 14a 27580 Bremerhaven Germany Represented by: Christoph Sander Contact Telephone: +49 176 8073 3464 E-Mail: info@wellness-audits.eu Website: www.wellness-audits.eu Register entry Entry in Vereinsregister Register Number: 1479 Register Court: AG Korbach &nbsp; Disclaimer Accountability for content The contents of [&hellip;]<\/p>\n","protected":false},"author":1,"featured_media":0,"parent":0,"menu_order":0,"comment_status":"closed","ping_status":"closed","template":"","meta":[],"_links":{"self":[{"href":"http:\/\/wellness-audits.eu\/en\/wp-json\/wp\/v2\/pages\/740"}],"collection":[{"href":"http:\/\/wellness-audits.eu\/en\/wp-json\/wp\/v2\/pages"}],"about":[{"href":"http:\/\/wellness-audits.eu\/en\/wp-json\/wp\/v2\/types\/page"}],"author":[{"embeddable":true,"href":"http:\/\/wellness-audits.eu\/en\/wp-json\/wp\/v2\/users\/1"}],"replies":[{"embeddable":true,"href":"http:\/\/wellness-audits.eu\/en\/wp-json\/wp\/v2\/comments?post=740"}],"version-history":[{"count":4,"href":"http:\/\/wellness-audits.eu\/en\/wp-json\/wp\/v2\/pages\/740\/revisions"}],"predecessor-version":[{"id":945,"href":"http:\/\/wellness-audits.eu\/en\/wp-json\/wp\/v2\/pages\/740\/revisions\/945"}],"wp:attachment":[{"href":"http:\/\/wellness-audits.eu\/en\/wp-json\/wp\/v2\/media?parent=740"}],"curies":[{"name":"wp","href":"https:\/\/api.w.org\/{rel}","templated":true}]}}