{"id":699,"date":"2018-02-27T17:23:42","date_gmt":"2018-02-27T16:23:42","guid":{"rendered":"http:\/\/wellness-audits.eu\/?page_id=699"},"modified":"2018-03-04T20:06:05","modified_gmt":"2018-03-04T19:06:05","slug":"wellness-spa-grundkriterien","status":"publish","type":"page","link":"http:\/\/wellness-audits.eu\/en\/wellness-europa-zertifikate\/wellness-spa-grundkriterien\/","title":{"rendered":"Wellness &#038; Spa Basic Criteria"},"content":{"rendered":"<p>[vc_row][vc_column][vc_column_text]The quality certificate of the European Audit Institute Wellness &amp; SPA is an award not only for the wellness &amp; Spa area but for the\u00a0entire hotel with all its facilities. Sophisticated wellness guests expect an adequate ambience combined with guest-orientated service not only in the wellness area, but everywhere in the hotel.\u00a0A wellness hotel \/ establishment provides a wide range of healthy F &amp; B products (fresh, fully-fledged, delicious and if possible organic) and interesting offers in the fields of outside in the nature activities (outdoor) as well as cultural events within the house, as well as in the surrounding area.<\/p>\n<p>Additional to international accepted\u00a0quality standards like ISO 9000 \/ 2000\u00a0(or comparable) the basic\u00a0criteria of the European Audit Institute Wellness &amp; SPA are:<\/p>\n<ul>\n<li>At least 4****-superior level of the hotel<\/li>\n<li>Orientation of the hotel \/ establishment to ease and comfort seeking wellness guests<\/li>\n<li>Attractive wellness facilities in size and equipment\u00a0(proportionate to hotel size)<\/li>\n<li>Special feel-good ambience in the\u00a0entire wellness area<\/li>\n<li>Highly trained staff\u00a0standard<\/li>\n<li>Daily and suffucient availability of wellness facilities\u00a0and wellness treatments<\/li>\n<li>Wide range and differentiated wellness offers without &#8220;ripp-off&#8221;<\/li>\n<li>Quality adequate price \/ performance ratio<\/li>\n<\/ul>\n<p>For successful certification in the categories\u00a0Wellness &amp; SPA,\u00a0Medical\u00a0SPA\u00a0or\u00a0Wellness &amp; Golf\u00a0&amp; SPA<a href=\"http:\/\/www.wellness-audits.eu\/cms\/front_content.php?idart=68\">\u00a0<\/a>the EAWS Wellness Quality Standard is required, combined with further specific criteria for each category.<\/p>\n<p>Speziell f\u00fcr die Zielgruppe bietet das unabh\u00e4ngige Europ\u00e4ische Pr\u00fcfinstitut Wellness &amp; SPA\u00a0 (EPWS) das Wellness Europa G\u00fctesiegel in 3 Kategorien an:<\/p>\n<ul>\n<li>Wellness &amp; SPA Europa G\u00fctesiegel<\/li>\n<li>Wellness &amp; Golf Europa G\u00fctesiegel<\/li>\n<li>Medical Wellness Europa G\u00fctesiegel<\/li>\n<li>Thalasso &amp; SPA Europa G\u00fctesiegel<\/li>\n<\/ul>\n<h2>The EPWS\u00a0Wellness\u00a0&amp; SPA\u00a0Basic Criteria:<\/h2>\n<ol>\n<li>A fundamental and integrated wellness concept must exist throughout the entire hotel complex.<\/li>\n<li>The\u00a0establishment\u00a0as well as its environment offer a feel-good ambiance with extraordinary guest orientation and high service quality form check-in to check-out and beyond.<\/li>\n<li>Provable quality specialist qualification within the wellness area and beyond.<\/li>\n<li>Well structured variety of well-balanced healthy F &amp; B products (fresh, fully-fledged, delicious, ideally organic food).<\/li>\n<li>Variety of wellness concepts and offers in the fields of exercise, relaxation, recreation, nutrition and\/or health promoting actions and information for sustainable health in daily life.<\/li>\n<li>Optional nature experiences and\/or cutural events available within the\u00a0hotel and\/or in the surrounding area.<\/li>\n<li>The wellness area and the conception within the hotel comply with modern standards of today\u00b4s wellness guests and offers high quality and up-to-date interior and equipment.<\/li>\n<li>The wellness area represents particular ease promotion but vigour stimulating ambience. This includes:<\/li>\n<li>Indoor-pool, sauna, steam-bath, fitness- und treatment rooms (in size and number adequate to hotel size); additional relaxation\/recreation rooms or lounges with exeptional feel-good-ambience.<\/li>\n<li>The wellness area is daily available for all wellness guests for at least 10 hours.<\/li>\n<li>Additionally offered wellness and treatments should be available for the wellness guest in convenient number and\u00a0at adequate price level.<\/li>\n<li>Wellness offers must be reasonable, transparent and at adequate price-performance level.<\/li>\n<li>No-smoking policy! Smoking only allowed in completely separated rooms! The wellness guest must not come in any contact with smoke at any time!<\/li>\n<\/ol>\n<p>&nbsp;<\/p>\n<p>The inspection of more than 850 single criteria out of the sectors external presentation,\u00a0front office, house-keeping, F &amp; B, safety and wellness\u00a0&amp; sports\u00a0identify in context\u00a0of a certification audit\u00a0a very detailled\u00a0image of the quality\u00a0of the checked establishment. All these specific single criteria\u00a0are additionally differentiated and weighted by importance (1 &#8211; 5) and\u00a0so arise\u00a0to a sum of ca. 2.500 reachable maximum points (= 100 %).<\/p>\n<p>The result of the certification will be produced after accurate analysis and it reaches a quotation of percentage compared\u00a0to the optimum (2500 points = 100 %). This result will be graded by the EAWS with the following levels:<\/p>\n<p>\n<table id=\"tablepress-10-no-2\" class=\"tablepress tablepress-id-10\">\n<tbody class=\"row-hover\">\n<tr class=\"row-1 odd\">\n\t<td class=\"column-1\">100 - 95 %<\/td><td class=\"column-2\">Leading Spa Selection<\/td><td class=\"column-3\"><\/td><td class=\"column-4\"><\/td><td class=\"column-5\"><\/td>\n<\/tr>\n<tr class=\"row-2 even\">\n\t<td class=\"column-1\">94 - 90 %<\/td><td class=\"column-2\">Premium Spa Selectio<\/td><td class=\"column-3\"><\/td><td class=\"column-4\"><\/td><td class=\"column-5\"><\/td>\n<\/tr>\n<tr class=\"row-3 odd\">\n\t<td class=\"column-1\">89 - 80 %<\/td><td class=\"column-2\">Quality Spa Selection<\/td><td class=\"column-3\"><\/td><td class=\"column-4\"><\/td><td class=\"column-5\"><\/td>\n<\/tr>\n<tr class=\"row-4 even\">\n\t<td class=\"column-1\">< 80 %<\/td><td class=\"column-2\">noch nicht zertifizierungsreif<\/td><td class=\"column-3\"><\/td><td class=\"column-4\"><\/td><td class=\"column-5\"><\/td>\n<\/tr>\n<tr class=\"row-5 odd\">\n\t<td class=\"column-1\"><\/td><td class=\"column-2\"><\/td><td class=\"column-3\"><\/td><td class=\"column-4\"><\/td><td class=\"column-5\"><\/td>\n<\/tr>\n<\/tbody>\n<\/table>\n[\/vc_column_text][\/vc_column][\/vc_row]<\/p>","protected":false},"excerpt":{"rendered":"<p>[vc_row][vc_column][vc_column_text]The quality certificate of the European Audit Institute Wellness &amp; SPA is an award not only for the wellness &amp; Spa area but for the\u00a0entire hotel with all its facilities. Sophisticated wellness guests expect an adequate ambience combined with guest-orientated service not only in the wellness area, but everywhere in the hotel.\u00a0A wellness hotel \/ [&hellip;]<\/p>\n","protected":false},"author":1,"featured_media":0,"parent":624,"menu_order":0,"comment_status":"closed","ping_status":"closed","template":"","meta":[],"_links":{"self":[{"href":"http:\/\/wellness-audits.eu\/en\/wp-json\/wp\/v2\/pages\/699"}],"collection":[{"href":"http:\/\/wellness-audits.eu\/en\/wp-json\/wp\/v2\/pages"}],"about":[{"href":"http:\/\/wellness-audits.eu\/en\/wp-json\/wp\/v2\/types\/page"}],"author":[{"embeddable":true,"href":"http:\/\/wellness-audits.eu\/en\/wp-json\/wp\/v2\/users\/1"}],"replies":[{"embeddable":true,"href":"http:\/\/wellness-audits.eu\/en\/wp-json\/wp\/v2\/comments?post=699"}],"version-history":[{"count":8,"href":"http:\/\/wellness-audits.eu\/en\/wp-json\/wp\/v2\/pages\/699\/revisions"}],"predecessor-version":[{"id":976,"href":"http:\/\/wellness-audits.eu\/en\/wp-json\/wp\/v2\/pages\/699\/revisions\/976"}],"up":[{"embeddable":true,"href":"http:\/\/wellness-audits.eu\/en\/wp-json\/wp\/v2\/pages\/624"}],"wp:attachment":[{"href":"http:\/\/wellness-audits.eu\/en\/wp-json\/wp\/v2\/media?parent=699"}],"curies":[{"name":"wp","href":"https:\/\/api.w.org\/{rel}","templated":true}]}}