{"id":616,"date":"2018-02-27T10:33:59","date_gmt":"2018-02-27T09:33:59","guid":{"rendered":"http:\/\/wellness-audits.eu\/?page_id=616"},"modified":"2018-03-04T19:31:13","modified_gmt":"2018-03-04T18:31:13","slug":"wellness-guetesiegel","status":"publish","type":"page","link":"http:\/\/wellness-audits.eu\/en\/wellness-standards\/wellness-guetesiegel\/","title":{"rendered":"(Deutsch) Wellness G\u00fctesiegel"},"content":{"rendered":"<p>[vc_row][vc_column][vc_column_text]Bei allein 1.500 Hotels in Deutschland allein, die sich als &#8220;Wellnesshotels&#8221; bezeichnen, ist es f\u00fcr den Wellnessgast nahezu unm\u00f6glich, hier die vorhandene Qualit\u00e4t richtig einzusch\u00e4tzen. Auch im 4**** und sogar 5****-Bereich gibt es Hotels, wo die Wellness-Orientierung des Hotels deutlich von der DEHOGA-Klassifizierung mit den Sternen abweicht.<\/p>\n<p>G\u00fctesiegel oder Qualit\u00e4tssiegel k\u00f6nnen hier helfen; allerdings sind die meisten der am Markt befindlichen Wellness G\u00fctesiegel nur bedingt verl\u00e4sslich, da sie schon von der Konzeption her oder durch ihre Vertriebsorganisationen als Marketing-Siegel oder &#8220;reine Mitgliedssiegel&#8221; zu identifizieren sind:<br \/>\nSo werden z. B. Wellness Hotels Deutschland (WHD), Wellnessstars Baden-W\u00fcrttemberg, Alpine Wellness oder Wellness am Kurort von Marketing-Organisationen der Mitgliederhotels getragen und sind gleichzeitig Verkaufs- und Buchungsportale. Dass ein &#8220;G\u00fctezeichen&#8221;, welches zudem meist keine professionellen Pr\u00fcfer einsetzt und wo man mit bezahlten Annoncen im Buch seine Aussenwirkung noch zus\u00e4tzlich erh\u00f6hen kann (siehe Beispiel Relax Guide), problematisch ist, ist f\u00fcr jeden offensichtlich.<br \/>\nDie Unabh\u00e4ngigkeit der Zertifizierer oder Pr\u00fcfer ist aber eine absolute Voraussetzung f\u00fcr Qualit\u00e4t und Wertigkeit eines G\u00fctesiegels.<br \/>\nDer nachfolgende Link (Quelle: Dr. H.J. Schmeisser, \u00f6buv Sachverst\u00e4ndiger Bewertung Wellness-Konzepte und Wellness-Einrichtungen) gibt dem Wellness-Gast einen aktuellen \u00dcberblick \u00fcber die wichtigsten Wellness &amp; Spa G\u00fctesiegel \/ Qualit\u00e4tssiegel national und international.[\/vc_column_text][\/vc_column][\/vc_row]<\/p>\n","protected":false},"excerpt":{"rendered":"<p>[vc_row][vc_column][vc_column_text]Bei allein 1.500 Hotels in Deutschland allein, die sich als &#8220;Wellnesshotels&#8221; bezeichnen, ist es f\u00fcr den Wellnessgast nahezu unm\u00f6glich, hier die vorhandene Qualit\u00e4t richtig einzusch\u00e4tzen. Auch im 4**** und sogar 5****-Bereich gibt es Hotels, wo die Wellness-Orientierung des Hotels deutlich von der DEHOGA-Klassifizierung mit den Sternen abweicht. G\u00fctesiegel oder Qualit\u00e4tssiegel k\u00f6nnen hier helfen; allerdings sind [&hellip;]<\/p>\n","protected":false},"author":1,"featured_media":0,"parent":606,"menu_order":0,"comment_status":"closed","ping_status":"closed","template":"","meta":[],"_links":{"self":[{"href":"http:\/\/wellness-audits.eu\/en\/wp-json\/wp\/v2\/pages\/616"}],"collection":[{"href":"http:\/\/wellness-audits.eu\/en\/wp-json\/wp\/v2\/pages"}],"about":[{"href":"http:\/\/wellness-audits.eu\/en\/wp-json\/wp\/v2\/types\/page"}],"author":[{"embeddable":true,"href":"http:\/\/wellness-audits.eu\/en\/wp-json\/wp\/v2\/users\/1"}],"replies":[{"embeddable":true,"href":"http:\/\/wellness-audits.eu\/en\/wp-json\/wp\/v2\/comments?post=616"}],"version-history":[{"count":3,"href":"http:\/\/wellness-audits.eu\/en\/wp-json\/wp\/v2\/pages\/616\/revisions"}],"predecessor-version":[{"id":960,"href":"http:\/\/wellness-audits.eu\/en\/wp-json\/wp\/v2\/pages\/616\/revisions\/960"}],"up":[{"embeddable":true,"href":"http:\/\/wellness-audits.eu\/en\/wp-json\/wp\/v2\/pages\/606"}],"wp:attachment":[{"href":"http:\/\/wellness-audits.eu\/en\/wp-json\/wp\/v2\/media?parent=616"}],"curies":[{"name":"wp","href":"https:\/\/api.w.org\/{rel}","templated":true}]}}